{"id":12,"date":"2023-02-13T11:21:05","date_gmt":"2023-02-13T11:21:05","guid":{"rendered":"https:\/\/events.miquelcalent.com\/?page_id=12"},"modified":"2023-06-02T09:47:21","modified_gmt":"2023-06-02T09:47:21","slug":"home","status":"publish","type":"page","link":"https:\/\/events.miquelcalent.com\/","title":{"rendered":"Home"},"content":{"rendered":"\n<div class=\"wp-block-cover alignfull\" style=\"min-height:700px;aspect-ratio:unset;\"><span aria-hidden=\"true\" class=\"wp-block-cover__background has-nv-site-bg-background-color has-background-dim-80 has-background-dim\"><\/span><img loading=\"lazy\" decoding=\"async\" width=\"1920\" height=\"1080\" class=\"wp-block-cover__image-background wp-image-8\" alt=\"\" src=\"https:\/\/events.miquelcalent.com\/wp-content\/uploads\/2023\/02\/miquel-calent-events-header.jpg\" data-object-fit=\"cover\" srcset=\"https:\/\/events.miquelcalent.com\/wp-content\/uploads\/2023\/02\/miquel-calent-events-header.jpg 1920w, https:\/\/events.miquelcalent.com\/wp-content\/uploads\/2023\/02\/miquel-calent-events-header-300x169.jpg 300w, https:\/\/events.miquelcalent.com\/wp-content\/uploads\/2023\/02\/miquel-calent-events-header-1024x576.jpg 1024w, https:\/\/events.miquelcalent.com\/wp-content\/uploads\/2023\/02\/miquel-calent-events-header-768x432.jpg 768w, https:\/\/events.miquelcalent.com\/wp-content\/uploads\/2023\/02\/miquel-calent-events-header-1536x864.jpg 1536w\" sizes=\"auto, (max-width: 1920px) 100vw, 1920px\" \/><div class=\"wp-block-cover__inner-container is-layout-flow wp-block-cover-is-layout-flow\">\n<div style=\"height:80px\" aria-hidden=\"true\" class=\"wp-block-spacer\"><\/div>\n\n\n<div class=\"wp-block-image\">\n<figure class=\"aligncenter size-full is-resized\"><img loading=\"lazy\" decoding=\"async\" src=\"https:\/\/events.miquelcalent.com\/wp-content\/uploads\/2023\/02\/miquel-calent-events-color-header.png\" alt=\"\" class=\"wp-image-66\" width=\"488\" height=\"236\" srcset=\"https:\/\/events.miquelcalent.com\/wp-content\/uploads\/2023\/02\/miquel-calent-events-color-header.png 650w, https:\/\/events.miquelcalent.com\/wp-content\/uploads\/2023\/02\/miquel-calent-events-color-header-300x145.png 300w\" sizes=\"auto, (max-width: 488px) 100vw, 488px\" \/><\/figure>\n<\/div>\n\n\n<h2 class=\"wp-block-heading has-text-align-center tituloslide has-neve-text-color-color has-text-color\">Tota la experi\u00e8ncia en gastronomia<br>al servei del teu event<\/h2>\n\n\n\n<div class=\"wp-block-buttons is-horizontal is-content-justification-center is-layout-flex wp-container-core-buttons-is-layout-499968f5 wp-block-buttons-is-layout-flex\">\n<div class=\"wp-block-button is-style-primary\"><a class=\"wp-block-button__link wp-element-button\" href=\"#menus\">Els nostres Men\u00fas<\/a><\/div>\n<\/div>\n\n\n\n<div style=\"height:80px\" aria-hidden=\"true\" class=\"wp-block-spacer\"><\/div>\n\n\n\n<div style=\"height:80px\" aria-hidden=\"true\" class=\"wp-block-spacer\"><\/div>\n<\/div><\/div>\n\n\n\n<div class=\"wp-block-cover alignfull\" style=\"min-height:600px;aspect-ratio:unset;\" id=\"miquel\"><span aria-hidden=\"true\" class=\"wp-block-cover__background has-neve-text-color-background-color has-background-dim-100 has-background-dim\"><\/span><div class=\"wp-block-cover__inner-container is-layout-flow wp-block-cover-is-layout-flow\">\n<div class=\"wp-block-group\"><div class=\"wp-block-group__inner-container is-layout-flow wp-block-group-is-layout-flow\">\n<div style=\"height:80px\" aria-hidden=\"true\" class=\"wp-block-spacer\"><\/div>\n\n\n\n<div class=\"wp-block-columns are-vertically-aligned-center is-layout-flex wp-container-core-columns-is-layout-9d6595d7 wp-block-columns-is-layout-flex\">\n<div class=\"wp-block-column is-vertically-aligned-center is-layout-flow wp-block-column-is-layout-flow\" style=\"flex-basis:50%\">\n<figure class=\"wp-block-image size-full\"><img loading=\"lazy\" decoding=\"async\" width=\"600\" height=\"600\" src=\"https:\/\/events.miquelcalent.com\/wp-content\/uploads\/2023\/02\/miquel-calent-miquel.jpg\" alt=\"\" class=\"wp-image-27\" srcset=\"https:\/\/events.miquelcalent.com\/wp-content\/uploads\/2023\/02\/miquel-calent-miquel.jpg 600w, https:\/\/events.miquelcalent.com\/wp-content\/uploads\/2023\/02\/miquel-calent-miquel-300x300.jpg 300w, https:\/\/events.miquelcalent.com\/wp-content\/uploads\/2023\/02\/miquel-calent-miquel-150x150.jpg 150w\" sizes=\"auto, (max-width: 600px) 100vw, 600px\" \/><\/figure>\n<\/div>\n\n\n\n<div class=\"wp-block-column is-vertically-aligned-center is-layout-flow wp-block-column-is-layout-flow\" style=\"flex-basis:50%\">\n<div style=\"height:19px\" aria-hidden=\"true\" class=\"wp-block-spacer\"><\/div>\n\n\n\n<figure class=\"wp-block-image size-full is-resized\"><img loading=\"lazy\" decoding=\"async\" src=\"https:\/\/events.miquelcalent.com\/wp-content\/uploads\/2023\/02\/miquel-calent-titular-events.png\" alt=\"\" class=\"wp-image-9\" width=\"375\" height=\"120\" srcset=\"https:\/\/events.miquelcalent.com\/wp-content\/uploads\/2023\/02\/miquel-calent-titular-events.png 500w, https:\/\/events.miquelcalent.com\/wp-content\/uploads\/2023\/02\/miquel-calent-titular-events-300x96.png 300w\" sizes=\"auto, (max-width: 375px) 100vw, 375px\" \/><\/figure>\n\n\n\n<p class=\"has-nv-light-bg-color has-text-color\">Miquel Calent Events posa al teu servei d\u00e8cades d\u2019experi\u00e8ncia en gastronomia, perqu\u00e8 siguis tu el que puguis configurar la teva festa a mida. Nosaltres ens encarregam de tot per fer de la teva celebraci\u00f3 un dia inoblidable.&nbsp;<\/p>\n\n\n\n<p class=\"has-nv-light-bg-color has-text-color\">Miquel Calent, dissenya els men\u00fas a partir de producte local, de proximitat i quil\u00f2metre zero. La nostra cuina \u00e9s fresca, festiva i reconeixible. Servei i producte s\u00f3n les nostres senyes d\u2019identitat.&nbsp;<\/p>\n\n\n\n<div class=\"wp-block-buttons is-horizontal is-content-justification-left is-layout-flex wp-container-core-buttons-is-layout-7e5fce0a wp-block-buttons-is-layout-flex\">\n<div class=\"wp-block-button is-style-primary\"><a class=\"wp-block-button__link wp-element-button\" href=\"#contacte\">DEMANA EL QUE NECESSITIS<\/a><\/div>\n<\/div>\n<\/div>\n<\/div>\n\n\n\n<div style=\"height:40px\" aria-hidden=\"true\" class=\"wp-block-spacer\"><\/div>\n<\/div><\/div>\n<\/div><\/div>\n\n\n\n<div class=\"wp-block-cover alignfull\" id=\"sonburgues\"><span aria-hidden=\"true\" class=\"wp-block-cover__background has-nv-c-1-background-color has-background-dim-100 has-background-dim\"><\/span><div class=\"wp-block-cover__inner-container is-layout-flow wp-block-cover-is-layout-flow\">\n<div class=\"wp-block-group\"><div class=\"wp-block-group__inner-container is-layout-flow wp-block-group-is-layout-flow\">\n<div style=\"height:50px\" aria-hidden=\"true\" class=\"wp-block-spacer\"><\/div>\n\n\n\n<div class=\"wp-block-columns are-vertically-aligned-center is-layout-flex wp-container-core-columns-is-layout-9d6595d7 wp-block-columns-is-layout-flex\">\n<div class=\"wp-block-column is-vertically-aligned-center is-layout-flow wp-block-column-is-layout-flow\" style=\"flex-basis:50%\">\n<figure class=\"wp-block-image size-full is-resized\"><img loading=\"lazy\" decoding=\"async\" src=\"https:\/\/events.miquelcalent.com\/wp-content\/uploads\/2023\/02\/miquel-calent-titular-son-burgues.png\" alt=\"\" class=\"wp-image-28\" width=\"300\" height=\"65\" srcset=\"https:\/\/events.miquelcalent.com\/wp-content\/uploads\/2023\/02\/miquel-calent-titular-son-burgues.png 600w, https:\/\/events.miquelcalent.com\/wp-content\/uploads\/2023\/02\/miquel-calent-titular-son-burgues-300x65.png 300w\" sizes=\"auto, (max-width: 300px) 100vw, 300px\" \/><\/figure>\n\n\n\n<p>Son Burgues \u00e9s una finca&nbsp; r\u00fastica del segle XVIII, ubicada al pla de Mallorca, al terme municipal de Petra. Disposa d\u2019unes instal\u00b7lacions ideals per a la celebraci\u00f3 d\u2019esdeveniments, el seu ventall de localitzacions fa que pugui oferir-te el que cerques tan per a celebracions \u00edntimes com de formats m\u00e9s grans.&nbsp; Miquel Calent ofereix en exclusiva els esdeveniments organitzats a Son Burgues.&nbsp;<\/p>\n\n\n\n<p>La seva disposici\u00f3, tant interior com exterior, \u00e9s f\u00e0cilment configurable, per tal de que sigui l\u2019espai el que s\u2019adapti a les teves necessitats. Aquesta flexibilitat, juntament amb la f\u00e0cil comunicaci\u00f3 i la tranquil\u00b7litat que es respira m\u00e9s enll\u00e0 de la seva entrada, la converteixen en el lloc ideal per a la teva festa. Noces, comunions, aniversaris, batejos, presentacions comercials, reunions&nbsp;<\/p>\n\n\n\n<div class=\"wp-block-buttons is-horizontal is-content-justification-left is-layout-flex wp-container-core-buttons-is-layout-7e5fce0a wp-block-buttons-is-layout-flex\">\n<div class=\"wp-block-button is-style-secondary\"><a class=\"wp-block-button__link wp-element-button\" href=\"#contacte\">DEMANA PRESSUPOST<\/a><\/div>\n<\/div>\n<\/div>\n\n\n\n<div class=\"wp-block-column is-vertically-aligned-center is-layout-flow wp-block-column-is-layout-flow\" style=\"flex-basis:50%\">\n<figure class=\"wp-block-image size-full\"><img loading=\"lazy\" decoding=\"async\" width=\"1024\" height=\"670\" src=\"https:\/\/events.miquelcalent.com\/wp-content\/uploads\/2023\/02\/miquel-calent-events-son-burges-06.jpg\" alt=\"\" class=\"wp-image-29\" srcset=\"https:\/\/events.miquelcalent.com\/wp-content\/uploads\/2023\/02\/miquel-calent-events-son-burges-06.jpg 1024w, https:\/\/events.miquelcalent.com\/wp-content\/uploads\/2023\/02\/miquel-calent-events-son-burges-06-300x196.jpg 300w, https:\/\/events.miquelcalent.com\/wp-content\/uploads\/2023\/02\/miquel-calent-events-son-burges-06-768x503.jpg 768w\" sizes=\"auto, (max-width: 1024px) 100vw, 1024px\" \/><\/figure>\n<\/div>\n<\/div>\n\n\n\n<figure class=\"wp-block-gallery has-nested-images columns-default is-cropped wp-block-gallery-1 is-layout-flex wp-block-gallery-is-layout-flex\">\n<figure class=\"wp-block-image size-large\"><img loading=\"lazy\" decoding=\"async\" width=\"1024\" height=\"683\" data-id=\"30\" src=\"https:\/\/events.miquelcalent.com\/wp-content\/uploads\/2023\/02\/miquel-calent-events-son-burges-01.jpg\" alt=\"\" class=\"wp-image-30\" srcset=\"https:\/\/events.miquelcalent.com\/wp-content\/uploads\/2023\/02\/miquel-calent-events-son-burges-01.jpg 1024w, https:\/\/events.miquelcalent.com\/wp-content\/uploads\/2023\/02\/miquel-calent-events-son-burges-01-300x200.jpg 300w, https:\/\/events.miquelcalent.com\/wp-content\/uploads\/2023\/02\/miquel-calent-events-son-burges-01-768x512.jpg 768w, https:\/\/events.miquelcalent.com\/wp-content\/uploads\/2023\/02\/miquel-calent-events-son-burges-01-930x620.jpg 930w\" sizes=\"auto, (max-width: 1024px) 100vw, 1024px\" \/><\/figure>\n\n\n\n<figure class=\"wp-block-image size-large\"><img loading=\"lazy\" decoding=\"async\" width=\"1024\" height=\"768\" data-id=\"33\" src=\"https:\/\/events.miquelcalent.com\/wp-content\/uploads\/2023\/02\/miquel-calent-events-son-burges-02-1024x768.jpg\" alt=\"\" class=\"wp-image-33\" srcset=\"https:\/\/events.miquelcalent.com\/wp-content\/uploads\/2023\/02\/miquel-calent-events-son-burges-02-1024x768.jpg 1024w, https:\/\/events.miquelcalent.com\/wp-content\/uploads\/2023\/02\/miquel-calent-events-son-burges-02-300x225.jpg 300w, https:\/\/events.miquelcalent.com\/wp-content\/uploads\/2023\/02\/miquel-calent-events-son-burges-02-768x576.jpg 768w, https:\/\/events.miquelcalent.com\/wp-content\/uploads\/2023\/02\/miquel-calent-events-son-burges-02.jpg 1280w\" sizes=\"auto, (max-width: 1024px) 100vw, 1024px\" \/><\/figure>\n\n\n\n<figure class=\"wp-block-image size-large\"><img loading=\"lazy\" decoding=\"async\" width=\"1024\" height=\"768\" data-id=\"32\" src=\"https:\/\/events.miquelcalent.com\/wp-content\/uploads\/2023\/02\/miquel-calent-events-son-burges-03-1024x768.jpg\" alt=\"\" class=\"wp-image-32\" srcset=\"https:\/\/events.miquelcalent.com\/wp-content\/uploads\/2023\/02\/miquel-calent-events-son-burges-03-1024x768.jpg 1024w, https:\/\/events.miquelcalent.com\/wp-content\/uploads\/2023\/02\/miquel-calent-events-son-burges-03-300x225.jpg 300w, https:\/\/events.miquelcalent.com\/wp-content\/uploads\/2023\/02\/miquel-calent-events-son-burges-03-768x576.jpg 768w, https:\/\/events.miquelcalent.com\/wp-content\/uploads\/2023\/02\/miquel-calent-events-son-burges-03.jpg 1280w\" sizes=\"auto, (max-width: 1024px) 100vw, 1024px\" \/><\/figure>\n\n\n\n<figure class=\"wp-block-image size-large\"><img loading=\"lazy\" decoding=\"async\" width=\"1024\" height=\"768\" data-id=\"34\" src=\"https:\/\/events.miquelcalent.com\/wp-content\/uploads\/2023\/02\/miquel-calent-events-son-burges-04-1024x768.jpg\" alt=\"\" class=\"wp-image-34\" srcset=\"https:\/\/events.miquelcalent.com\/wp-content\/uploads\/2023\/02\/miquel-calent-events-son-burges-04-1024x768.jpg 1024w, https:\/\/events.miquelcalent.com\/wp-content\/uploads\/2023\/02\/miquel-calent-events-son-burges-04-300x225.jpg 300w, https:\/\/events.miquelcalent.com\/wp-content\/uploads\/2023\/02\/miquel-calent-events-son-burges-04-768x576.jpg 768w, https:\/\/events.miquelcalent.com\/wp-content\/uploads\/2023\/02\/miquel-calent-events-son-burges-04.jpg 1280w\" sizes=\"auto, (max-width: 1024px) 100vw, 1024px\" \/><\/figure>\n\n\n\n<figure class=\"wp-block-image size-large\"><img loading=\"lazy\" decoding=\"async\" width=\"1024\" height=\"768\" data-id=\"31\" src=\"https:\/\/events.miquelcalent.com\/wp-content\/uploads\/2023\/02\/miquel-calent-events-son-burges-05-1024x768.jpg\" alt=\"\" class=\"wp-image-31\" srcset=\"https:\/\/events.miquelcalent.com\/wp-content\/uploads\/2023\/02\/miquel-calent-events-son-burges-05-1024x768.jpg 1024w, https:\/\/events.miquelcalent.com\/wp-content\/uploads\/2023\/02\/miquel-calent-events-son-burges-05-300x225.jpg 300w, https:\/\/events.miquelcalent.com\/wp-content\/uploads\/2023\/02\/miquel-calent-events-son-burges-05-768x576.jpg 768w, https:\/\/events.miquelcalent.com\/wp-content\/uploads\/2023\/02\/miquel-calent-events-son-burges-05.jpg 1280w\" sizes=\"auto, (max-width: 1024px) 100vw, 1024px\" \/><\/figure>\n<\/figure>\n\n\n\n<div style=\"height:40px\" aria-hidden=\"true\" class=\"wp-block-spacer\"><\/div>\n<\/div><\/div>\n<\/div><\/div>\n\n\n\n<div class=\"wp-block-cover alignfull\" style=\"min-height:600px;aspect-ratio:unset;\" id=\"menus\"><span aria-hidden=\"true\" class=\"wp-block-cover__background has-neve-text-color-background-color has-background-dim-100 has-background-dim\"><\/span><div class=\"wp-block-cover__inner-container is-layout-flow wp-block-cover-is-layout-flow\">\n<div class=\"wp-block-group\"><div class=\"wp-block-group__inner-container is-layout-flow wp-block-group-is-layout-flow\">\n<div style=\"height:40px\" aria-hidden=\"true\" class=\"wp-block-spacer\"><\/div>\n\n\n\n<div style=\"height:0px\" aria-hidden=\"true\" class=\"wp-block-spacer\"><\/div>\n\n\n\n<div class=\"wp-block-columns are-vertically-aligned-center is-layout-flex wp-container-core-columns-is-layout-9d6595d7 wp-block-columns-is-layout-flex\">\n<div class=\"wp-block-column is-vertically-aligned-center is-layout-flow wp-block-column-is-layout-flow\" style=\"flex-basis:50%\">\n<figure class=\"wp-block-image size-full is-resized\"><img loading=\"lazy\" decoding=\"async\" src=\"https:\/\/events.miquelcalent.com\/wp-content\/uploads\/2023\/02\/miquel-calent-titular-menus.png\" alt=\"\" class=\"wp-image-35\" width=\"112\" height=\"65\"\/><\/figure>\n\n\n\n<p class=\"has-nv-light-bg-color has-text-color\">Les combinacions de moments, serveis i men\u00fas que t\u2019oferim et permetran construir la jornada que estaves desitjant i necessitaves per aconseguir l\u2019\u00e8xit. En Miquel Calent s\u2019implicat personalment en tot el proc\u00e9s de disseny, construcci\u00f3 i elaboraci\u00f3. Acompanyat amb un equip de professionals amb molts d\u2019anys experi\u00e8ncia en l\u2019organitzaci\u00f3 d\u2019esdeveniments. Tu nom\u00e9s haur\u00e0s de preocupar-te de gaudir del teu dia.&nbsp;<\/p>\n\n\n\n<p class=\"has-nv-light-bg-color has-text-color\">La qualitat, la tradici\u00f3, l\u2019artesania i l\u2019avantguarda de la gastronomia dins una magn\u00edfica finca amb un empla\u00e7ament privilegiat de Mallorca, estan a la teva disposici\u00f3. Posa\u2019t amb contacte amb nosaltres per informar-te de totes les opcions.<\/p>\n\n\n\n<div class=\"wp-block-columns is-layout-flex wp-container-core-columns-is-layout-9d6595d7 wp-block-columns-is-layout-flex\">\n<div class=\"wp-block-column is-layout-flow wp-block-column-is-layout-flow\">\n<p class=\"has-nv-site-bg-color has-text-color\">Men\u00fa&nbsp;<br>Beguda<br>Barra lliure 3 hores&nbsp;<\/p>\n<\/div>\n\n\n\n<div class=\"wp-block-column is-layout-flow wp-block-column-is-layout-flow\">\n<p class=\"has-nv-light-bg-color has-text-color\">Resop\u00f3<br>Servei de cambrers<br>Mobiliari i decoraci\u00f3<\/p>\n<\/div>\n<\/div>\n\n\n\n<div class=\"wp-block-buttons is-horizontal is-content-justification-left is-layout-flex wp-container-core-buttons-is-layout-7e5fce0a wp-block-buttons-is-layout-flex\"><\/div>\n<\/div>\n\n\n\n<div class=\"wp-block-column is-vertically-aligned-center is-layout-flow wp-block-column-is-layout-flow\" style=\"flex-basis:50%\">\n<div style=\"height:19px\" aria-hidden=\"true\" class=\"wp-block-spacer\"><\/div>\n\n\n\n<figure class=\"wp-block-image size-full\"><img loading=\"lazy\" decoding=\"async\" width=\"600\" height=\"600\" src=\"https:\/\/events.miquelcalent.com\/wp-content\/uploads\/2023\/02\/miquel-calent-menus.jpg\" alt=\"\" class=\"wp-image-36\" srcset=\"https:\/\/events.miquelcalent.com\/wp-content\/uploads\/2023\/02\/miquel-calent-menus.jpg 600w, https:\/\/events.miquelcalent.com\/wp-content\/uploads\/2023\/02\/miquel-calent-menus-300x300.jpg 300w, https:\/\/events.miquelcalent.com\/wp-content\/uploads\/2023\/02\/miquel-calent-menus-150x150.jpg 150w\" sizes=\"auto, (max-width: 600px) 100vw, 600px\" \/><\/figure>\n<\/div>\n<\/div>\n<\/div><\/div>\n\n\n\n<div class=\"wp-block-group\"><div class=\"wp-block-group__inner-container is-layout-flow wp-block-group-is-layout-flow\">\n<div class=\"wp-block-columns is-layout-flex wp-container-core-columns-is-layout-9d6595d7 wp-block-columns-is-layout-flex\">\n<div class=\"wp-block-column is-vertically-aligned-center is-layout-flow wp-block-column-is-layout-flow\" style=\"flex-basis:50%\">\n<figure class=\"wp-block-image size-large\"><img loading=\"lazy\" decoding=\"async\" width=\"1024\" height=\"1024\" src=\"https:\/\/events.miquelcalent.com\/wp-content\/uploads\/2023\/02\/miquel-calent-menus-options-1024x1024.jpg\" alt=\"\" class=\"wp-image-57\" srcset=\"https:\/\/events.miquelcalent.com\/wp-content\/uploads\/2023\/02\/miquel-calent-menus-options-1024x1024.jpg 1024w, https:\/\/events.miquelcalent.com\/wp-content\/uploads\/2023\/02\/miquel-calent-menus-options-300x300.jpg 300w, https:\/\/events.miquelcalent.com\/wp-content\/uploads\/2023\/02\/miquel-calent-menus-options-150x150.jpg 150w, https:\/\/events.miquelcalent.com\/wp-content\/uploads\/2023\/02\/miquel-calent-menus-options-768x768.jpg 768w, https:\/\/events.miquelcalent.com\/wp-content\/uploads\/2023\/02\/miquel-calent-menus-options.jpg 1280w\" sizes=\"auto, (max-width: 1024px) 100vw, 1024px\" \/><\/figure>\n\n\n\n<div class=\"wp-block-buttons is-horizontal is-content-justification-left is-layout-flex wp-container-core-buttons-is-layout-7e5fce0a wp-block-buttons-is-layout-flex\"><\/div>\n<\/div>\n\n\n\n<div class=\"wp-block-column is-vertically-aligned-bottom is-layout-flow wp-block-column-is-layout-flow\" style=\"flex-basis:50%\">\n<div class=\"wp-block-columns is-layout-flex wp-container-core-columns-is-layout-9d6595d7 wp-block-columns-is-layout-flex\">\n<div class=\"wp-block-column is-layout-flow wp-block-column-is-layout-flow\">\n<h3 class=\"wp-block-heading has-text-align-center has-neve-link-color-color has-text-color\">Opci\u00f3 1<\/h3>\n\n\n\n<p class=\"has-text-align-center has-nv-light-bg-color has-text-color\">8 Aperitius<br>2 Estacions<br>1 Entrant<br>1 principal<br>1 postre<\/p>\n<\/div>\n\n\n\n<div class=\"wp-block-column is-vertically-aligned-top is-layout-flow wp-block-column-is-layout-flow\">\n<h3 class=\"wp-block-heading has-text-align-center has-neve-link-color-color has-text-color\">Opci\u00f3 2<\/h3>\n\n\n\n<p class=\"has-text-align-center has-nv-light-bg-color has-text-color\">10 Aperitius<br>4 Estacions<br>1 Principal<br>1 postre<\/p>\n<\/div>\n\n\n\n<div class=\"wp-block-column is-vertically-aligned-top is-layout-flow wp-block-column-is-layout-flow\">\n<h3 class=\"wp-block-heading has-text-align-center has-neve-link-color-color has-text-color\">Opci\u00f3 3<\/h3>\n\n\n\n<p class=\"has-text-align-center has-nv-light-bg-color has-text-color\">14 Aperitius<br>6 Estacions<br>4 postres<\/p>\n<\/div>\n<\/div>\n\n\n\n<div class=\"wp-block-buttons is-horizontal is-content-justification-center is-layout-flex wp-container-core-buttons-is-layout-499968f5 wp-block-buttons-is-layout-flex\">\n<div class=\"wp-block-button is-style-primary\"><a class=\"wp-block-button__link wp-element-button\" href=\"https:\/\/events.miquelcalent.com\/wp-content\/uploads\/2023\/06\/Pre-Clients-Event-by-Miquel-Calent_Condicions_W.pdf\" target=\"_blank\" rel=\"noreferrer noopener\">DESCARREGA EL MEN\u00da<\/a><\/div>\n<\/div>\n<\/div>\n<\/div>\n<\/div><\/div>\n\n\n\n<div style=\"height:40px\" aria-hidden=\"true\" class=\"wp-block-spacer\"><\/div>\n<\/div><\/div>\n\n\n\n<div class=\"wp-block-cover alignfull\" id=\"contacte\"><span aria-hidden=\"true\" class=\"wp-block-cover__background has-nv-c-1-background-color has-background-dim-100 has-background-dim\"><\/span><div class=\"wp-block-cover__inner-container is-layout-flow wp-block-cover-is-layout-flow\">\n<div class=\"wp-block-group\"><div class=\"wp-block-group__inner-container is-layout-flow wp-block-group-is-layout-flow\">\n<div style=\"height:60px\" aria-hidden=\"true\" class=\"wp-block-spacer\"><\/div>\n\n\n\n<div class=\"wp-block-columns are-vertically-aligned-center is-layout-flex wp-container-core-columns-is-layout-9d6595d7 wp-block-columns-is-layout-flex\">\n<div class=\"wp-block-column is-vertically-aligned-center is-layout-flow wp-block-column-is-layout-flow\" style=\"flex-basis:50%\">\n<h2 class=\"wp-block-heading has-neve-text-color-color has-text-color\">Contacte<\/h2>\n\n\n\n<div class=\"wp-block-contact-form-7-contact-form-selector\">\n<div class=\"wpcf7 no-js\" id=\"wpcf7-f40-o1\" lang=\"ca\" dir=\"ltr\">\n<div class=\"screen-reader-response\"><p role=\"status\" aria-live=\"polite\" aria-atomic=\"true\"><\/p> <ul><\/ul><\/div>\n<form action=\"\/index.php?rest_route=%2Fwp%2Fv2%2Fpages%2F12#wpcf7-f40-o1\" method=\"post\" class=\"wpcf7-form init\" aria-label=\"Formulari de contacte\" novalidate=\"novalidate\" data-status=\"init\">\n<div style=\"display: none;\">\n<input type=\"hidden\" name=\"_wpcf7\" value=\"40\" \/>\n<input type=\"hidden\" name=\"_wpcf7_version\" value=\"5.7.7\" \/>\n<input type=\"hidden\" name=\"_wpcf7_locale\" value=\"ca\" \/>\n<input type=\"hidden\" name=\"_wpcf7_unit_tag\" value=\"wpcf7-f40-o1\" \/>\n<input type=\"hidden\" name=\"_wpcf7_container_post\" value=\"0\" \/>\n<input type=\"hidden\" name=\"_wpcf7_posted_data_hash\" value=\"\" \/>\n<\/div>\n<p><label> <span class=\"wpcf7-form-control-wrap\" data-name=\"your-name\"><input size=\"40\" class=\"wpcf7-form-control wpcf7-text wpcf7-validates-as-required\" autocomplete=\"name\" aria-required=\"true\" aria-invalid=\"false\" placeholder=\"Nom i llinatges\" value=\"\" type=\"text\" name=\"your-name\" \/><\/span> <\/label>\n<\/p>\n<p><label> <span class=\"wpcf7-form-control-wrap\" data-name=\"your-email\"><input size=\"40\" class=\"wpcf7-form-control wpcf7-text wpcf7-email wpcf7-validates-as-required wpcf7-validates-as-email\" autocomplete=\"email\" aria-required=\"true\" aria-invalid=\"false\" placeholder=\"email\" value=\"\" type=\"email\" name=\"your-email\" \/><\/span> <\/label>\n<\/p>\n<p><label><span class=\"wpcf7-form-control-wrap\" data-name=\"telefono\"><input size=\"40\" class=\"wpcf7-form-control wpcf7-text wpcf7-tel wpcf7-validates-as-tel\" aria-invalid=\"false\" placeholder=\"+00 000 000 000\" value=\"\" type=\"tel\" name=\"telefono\" \/><\/span><\/label>\n<\/p>\n<p><label> <span class=\"wpcf7-form-control-wrap\" data-name=\"your-message\"><textarea cols=\"40\" rows=\"10\" class=\"wpcf7-form-control wpcf7-textarea\" aria-invalid=\"false\" placeholder=\"Missatge\" name=\"your-message\"><\/textarea><\/span> <\/label>\n<\/p>\n<p><input class=\"wpcf7-form-control has-spinner wpcf7-submit\" type=\"submit\" value=\"Envia\" \/>\n<\/p><div class=\"wpcf7-response-output\" aria-hidden=\"true\"><\/div>\n<\/form>\n<\/div>\n<\/div>\n\n\n\n<div class=\"wp-block-buttons is-horizontal is-content-justification-left is-layout-flex wp-container-core-buttons-is-layout-7e5fce0a wp-block-buttons-is-layout-flex\"><\/div>\n<\/div>\n\n\n\n<div class=\"wp-block-column is-vertically-aligned-center is-layout-flow wp-block-column-is-layout-flow\" style=\"flex-basis:50%\">\n<figure class=\"wp-block-image size-large\"><img loading=\"lazy\" decoding=\"async\" width=\"1024\" height=\"1024\" src=\"https:\/\/events.miquelcalent.com\/wp-content\/uploads\/2023\/02\/miquel-calent-contacte-1024x1024.jpg\" alt=\"\" class=\"wp-image-78\" srcset=\"https:\/\/events.miquelcalent.com\/wp-content\/uploads\/2023\/02\/miquel-calent-contacte-1024x1024.jpg 1024w, https:\/\/events.miquelcalent.com\/wp-content\/uploads\/2023\/02\/miquel-calent-contacte-300x300.jpg 300w, https:\/\/events.miquelcalent.com\/wp-content\/uploads\/2023\/02\/miquel-calent-contacte-150x150.jpg 150w, https:\/\/events.miquelcalent.com\/wp-content\/uploads\/2023\/02\/miquel-calent-contacte-768x768.jpg 768w, https:\/\/events.miquelcalent.com\/wp-content\/uploads\/2023\/02\/miquel-calent-contacte.jpg 1280w\" sizes=\"auto, (max-width: 1024px) 100vw, 1024px\" \/><\/figure>\n<\/div>\n<\/div>\n\n\n\n<div style=\"height:40px\" aria-hidden=\"true\" class=\"wp-block-spacer\"><\/div>\n<\/div><\/div>\n<\/div><\/div>\n","protected":false},"excerpt":{"rendered":"","protected":false},"author":1,"featured_media":0,"parent":0,"menu_order":0,"comment_status":"closed","ping_status":"closed","template":"","meta":{"neve_meta_sidebar":"default","neve_meta_container":"default","neve_meta_enable_content_width":"on","neve_meta_content_width":100,"neve_meta_title_alignment":"","neve_meta_author_avatar":"","neve_post_elements_order":"","neve_meta_disable_header":"","neve_meta_disable_footer":"","neve_meta_disable_title":"on","_ti_tpc_template_sync":false,"_ti_tpc_template_id":"","footnotes":""},"class_list":["post-12","page","type-page","status-publish","hentry"],"_links":{"self":[{"href":"https:\/\/events.miquelcalent.com\/index.php?rest_route=\/wp\/v2\/pages\/12","targetHints":{"allow":["GET"]}}],"collection":[{"href":"https:\/\/events.miquelcalent.com\/index.php?rest_route=\/wp\/v2\/pages"}],"about":[{"href":"https:\/\/events.miquelcalent.com\/index.php?rest_route=\/wp\/v2\/types\/page"}],"author":[{"embeddable":true,"href":"https:\/\/events.miquelcalent.com\/index.php?rest_route=\/wp\/v2\/users\/1"}],"replies":[{"embeddable":true,"href":"https:\/\/events.miquelcalent.com\/index.php?rest_route=%2Fwp%2Fv2%2Fcomments&post=12"}],"version-history":[{"count":25,"href":"https:\/\/events.miquelcalent.com\/index.php?rest_route=\/wp\/v2\/pages\/12\/revisions"}],"predecessor-version":[{"id":125,"href":"https:\/\/events.miquelcalent.com\/index.php?rest_route=\/wp\/v2\/pages\/12\/revisions\/125"}],"wp:attachment":[{"href":"https:\/\/events.miquelcalent.com\/index.php?rest_route=%2Fwp%2Fv2%2Fmedia&parent=12"}],"curies":[{"name":"wp","href":"https:\/\/api.w.org\/{rel}","templated":true}]}}